{"id":296,"date":"2021-07-03T17:21:52","date_gmt":"2021-07-03T15:21:52","guid":{"rendered":"https:\/\/www.dominalivingapartments.com\/?page_id=296"},"modified":"2021-08-18T18:26:28","modified_gmt":"2021-08-18T16:26:28","slug":"quarto-appartamento-studio","status":"publish","type":"page","link":"https:\/\/www.dominalivingapartments.com\/index.php\/quarto-appartamento-studio\/","title":{"rendered":"Quarto appartamento (Studio)"},"content":{"rendered":"\n<p>Ecco il quarto appartamento della famiglia Domina.<\/p>\n\n\n\n<p>E&#8217; il pi\u00f9 piccolo della famiglia ed \u00e8 arredato con lo stesso gusto e la stessa passione. L&#8217;appartamento risulta accogliente, pulito e confortevole e pu\u00f2 ospitare<strong> fino a 3 persone<\/strong>.<\/p>\n\n\n\n<p>L\u2019appartamento \u00e8 sito nella nostra seconda sede di Vico III Presepe 14<\/p>\n\n\n<!-- index.php -->\n<div\n\tclass=\"ngg-galleryoverview\"\n\tid=\"ngg-gallery-b6043a4cb2ceb3c4e199735e2fefd033-1\">\n\n    \t\t<!-- Thumbnails -->\n\t\t\t\t<div id=\"ngg-image-0\" class=\"ngg-gallery-thumbnail-box\" >\n\t\t\t\t        <div class=\"ngg-gallery-thumbnail\">\n            <a href=\"https:\/\/www.dominalivingapartments.com\/wp-content\/gallery\/quarto-appartamento-studio\/1.-IMG-4174.jpg\"\n               title=\"\"\n               data-src=\"https:\/\/www.dominalivingapartments.com\/wp-content\/gallery\/quarto-appartamento-studio\/1.-IMG-4174.jpg\"\n               data-thumbnail=\"https:\/\/www.dominalivingapartments.com\/wp-content\/gallery\/quarto-appartamento-studio\/thumbs\/thumbs_1.-IMG-4174.jpg\"\n               data-image-id=\"45\"\n               data-title=\"1.-IMG-4174\"\n               data-description=\"\"\n               data-image-slug=\"1-img-4174\"\n               class=\"ngg-simplelightbox\" rel=\"b6043a4cb2ceb3c4e199735e2fefd033\">\n                <img\n                    title=\"1.-IMG-4174\"\n                    alt=\"1.-IMG-4174\"\n                    src=\"https:\/\/www.dominalivingapartments.com\/wp-content\/gallery\/quarto-appartamento-studio\/thumbs\/thumbs_1.-IMG-4174.jpg\"\n                    width=\"240\"\n                    height=\"160\"\n                    style=\"max-width:100%;\"\n                \/>\n            <\/a>\n        <\/div>\n\t\t\t\t\t\t\t<\/div> \n\t\t\t\n        \n\t\t\t\t<div id=\"ngg-image-1\" class=\"ngg-gallery-thumbnail-box\" >\n\t\t\t\t        <div class=\"ngg-gallery-thumbnail\">\n            <a href=\"https:\/\/www.dominalivingapartments.com\/wp-content\/gallery\/quarto-appartamento-studio\/4.-IMG-4191.jpg\"\n               title=\"\"\n               data-src=\"https:\/\/www.dominalivingapartments.com\/wp-content\/gallery\/quarto-appartamento-studio\/4.-IMG-4191.jpg\"\n               data-thumbnail=\"https:\/\/www.dominalivingapartments.com\/wp-content\/gallery\/quarto-appartamento-studio\/thumbs\/thumbs_4.-IMG-4191.jpg\"\n               data-image-id=\"46\"\n               data-title=\"4.-IMG-4191\"\n               data-description=\"\"\n               data-image-slug=\"4-img-4191\"\n               class=\"ngg-simplelightbox\" rel=\"b6043a4cb2ceb3c4e199735e2fefd033\">\n                <img\n                    title=\"4.-IMG-4191\"\n                    alt=\"4.-IMG-4191\"\n                    src=\"https:\/\/www.dominalivingapartments.com\/wp-content\/gallery\/quarto-appartamento-studio\/thumbs\/thumbs_4.-IMG-4191.jpg\"\n                    width=\"240\"\n                    height=\"160\"\n                    style=\"max-width:100%;\"\n                \/>\n            <\/a>\n        <\/div>\n\t\t\t\t\t\t\t<\/div> \n\t\t\t\n        \n\t\t\t\t<div id=\"ngg-image-2\" class=\"ngg-gallery-thumbnail-box\" >\n\t\t\t\t        <div class=\"ngg-gallery-thumbnail\">\n            <a href=\"https:\/\/www.dominalivingapartments.com\/wp-content\/gallery\/quarto-appartamento-studio\/2.-IMG-4178.jpg\"\n               title=\"\"\n               data-src=\"https:\/\/www.dominalivingapartments.com\/wp-content\/gallery\/quarto-appartamento-studio\/2.-IMG-4178.jpg\"\n               data-thumbnail=\"https:\/\/www.dominalivingapartments.com\/wp-content\/gallery\/quarto-appartamento-studio\/thumbs\/thumbs_2.-IMG-4178.jpg\"\n               data-image-id=\"47\"\n               data-title=\"2.-IMG-4178\"\n               data-description=\"\"\n               data-image-slug=\"2-img-4178\"\n               class=\"ngg-simplelightbox\" rel=\"b6043a4cb2ceb3c4e199735e2fefd033\">\n                <img\n                    title=\"2.-IMG-4178\"\n                    alt=\"2.-IMG-4178\"\n                    src=\"https:\/\/www.dominalivingapartments.com\/wp-content\/gallery\/quarto-appartamento-studio\/thumbs\/thumbs_2.-IMG-4178.jpg\"\n                    width=\"240\"\n                    height=\"160\"\n                    style=\"max-width:100%;\"\n                \/>\n            <\/a>\n        <\/div>\n\t\t\t\t\t\t\t<\/div> \n\t\t\t\n        \n\t\t\t\t<div id=\"ngg-image-3\" class=\"ngg-gallery-thumbnail-box\" >\n\t\t\t\t        <div class=\"ngg-gallery-thumbnail\">\n            <a href=\"https:\/\/www.dominalivingapartments.com\/wp-content\/gallery\/quarto-appartamento-studio\/3.-IMG-4176.jpg\"\n               title=\"\"\n               data-src=\"https:\/\/www.dominalivingapartments.com\/wp-content\/gallery\/quarto-appartamento-studio\/3.-IMG-4176.jpg\"\n               data-thumbnail=\"https:\/\/www.dominalivingapartments.com\/wp-content\/gallery\/quarto-appartamento-studio\/thumbs\/thumbs_3.-IMG-4176.jpg\"\n               data-image-id=\"48\"\n               data-title=\"3.-IMG-4176\"\n               data-description=\"\"\n               data-image-slug=\"3-img-4176\"\n               class=\"ngg-simplelightbox\" rel=\"b6043a4cb2ceb3c4e199735e2fefd033\">\n                <img\n                    title=\"3.-IMG-4176\"\n                    alt=\"3.-IMG-4176\"\n                    src=\"https:\/\/www.dominalivingapartments.com\/wp-content\/gallery\/quarto-appartamento-studio\/thumbs\/thumbs_3.-IMG-4176.jpg\"\n                    width=\"240\"\n                    height=\"160\"\n                    style=\"max-width:100%;\"\n                \/>\n            <\/a>\n        <\/div>\n\t\t\t\t\t\t\t<\/div> \n\t\t\t\n        \n\t\t\t\t<div id=\"ngg-image-4\" class=\"ngg-gallery-thumbnail-box\" >\n\t\t\t\t        <div class=\"ngg-gallery-thumbnail\">\n            <a href=\"https:\/\/www.dominalivingapartments.com\/wp-content\/gallery\/quarto-appartamento-studio\/5.-IMG-4179.jpg\"\n               title=\"\"\n               data-src=\"https:\/\/www.dominalivingapartments.com\/wp-content\/gallery\/quarto-appartamento-studio\/5.-IMG-4179.jpg\"\n               data-thumbnail=\"https:\/\/www.dominalivingapartments.com\/wp-content\/gallery\/quarto-appartamento-studio\/thumbs\/thumbs_5.-IMG-4179.jpg\"\n               data-image-id=\"49\"\n               data-title=\"5.-IMG-4179\"\n               data-description=\"\"\n               data-image-slug=\"5-img-4179\"\n               class=\"ngg-simplelightbox\" rel=\"b6043a4cb2ceb3c4e199735e2fefd033\">\n                <img\n                    title=\"5.-IMG-4179\"\n                    alt=\"5.-IMG-4179\"\n                    src=\"https:\/\/www.dominalivingapartments.com\/wp-content\/gallery\/quarto-appartamento-studio\/thumbs\/thumbs_5.-IMG-4179.jpg\"\n                    width=\"240\"\n                    height=\"160\"\n                    style=\"max-width:100%;\"\n                \/>\n            <\/a>\n        <\/div>\n\t\t\t\t\t\t\t<\/div> \n\t\t\t\n        \n\t\t\t\t<div id=\"ngg-image-5\" class=\"ngg-gallery-thumbnail-box\" >\n\t\t\t\t        <div class=\"ngg-gallery-thumbnail\">\n            <a href=\"https:\/\/www.dominalivingapartments.com\/wp-content\/gallery\/quarto-appartamento-studio\/6.-IMG-4172.jpg\"\n               title=\"\"\n               data-src=\"https:\/\/www.dominalivingapartments.com\/wp-content\/gallery\/quarto-appartamento-studio\/6.-IMG-4172.jpg\"\n               data-thumbnail=\"https:\/\/www.dominalivingapartments.com\/wp-content\/gallery\/quarto-appartamento-studio\/thumbs\/thumbs_6.-IMG-4172.jpg\"\n               data-image-id=\"50\"\n               data-title=\"6.-IMG-4172\"\n               data-description=\"\"\n               data-image-slug=\"6-img-4172\"\n               class=\"ngg-simplelightbox\" rel=\"b6043a4cb2ceb3c4e199735e2fefd033\">\n                <img\n                    title=\"6.-IMG-4172\"\n                    alt=\"6.-IMG-4172\"\n                    src=\"https:\/\/www.dominalivingapartments.com\/wp-content\/gallery\/quarto-appartamento-studio\/thumbs\/thumbs_6.-IMG-4172.jpg\"\n                    width=\"240\"\n                    height=\"160\"\n                    style=\"max-width:100%;\"\n                \/>\n            <\/a>\n        <\/div>\n\t\t\t\t\t\t\t<\/div> \n\t\t\t\n        \n\t\t\t\t<div id=\"ngg-image-6\" class=\"ngg-gallery-thumbnail-box\" >\n\t\t\t\t        <div class=\"ngg-gallery-thumbnail\">\n            <a href=\"https:\/\/www.dominalivingapartments.com\/wp-content\/gallery\/quarto-appartamento-studio\/7.-IMG-4180.jpg\"\n               title=\"\"\n               data-src=\"https:\/\/www.dominalivingapartments.com\/wp-content\/gallery\/quarto-appartamento-studio\/7.-IMG-4180.jpg\"\n               data-thumbnail=\"https:\/\/www.dominalivingapartments.com\/wp-content\/gallery\/quarto-appartamento-studio\/thumbs\/thumbs_7.-IMG-4180.jpg\"\n               data-image-id=\"51\"\n               data-title=\"7.-IMG-4180\"\n               data-description=\"\"\n               data-image-slug=\"7-img-4180\"\n               class=\"ngg-simplelightbox\" rel=\"b6043a4cb2ceb3c4e199735e2fefd033\">\n                <img\n                    title=\"7.-IMG-4180\"\n                    alt=\"7.-IMG-4180\"\n                    src=\"https:\/\/www.dominalivingapartments.com\/wp-content\/gallery\/quarto-appartamento-studio\/thumbs\/thumbs_7.-IMG-4180.jpg\"\n                    width=\"240\"\n                    height=\"160\"\n                    style=\"max-width:100%;\"\n                \/>\n            <\/a>\n        <\/div>\n\t\t\t\t\t\t\t<\/div> \n\t\t\t\n        \n\t\t\t\t<div id=\"ngg-image-7\" class=\"ngg-gallery-thumbnail-box\" >\n\t\t\t\t        <div class=\"ngg-gallery-thumbnail\">\n            <a href=\"https:\/\/www.dominalivingapartments.com\/wp-content\/gallery\/quarto-appartamento-studio\/8.-IMG-4187.jpg\"\n               title=\"\"\n               data-src=\"https:\/\/www.dominalivingapartments.com\/wp-content\/gallery\/quarto-appartamento-studio\/8.-IMG-4187.jpg\"\n               data-thumbnail=\"https:\/\/www.dominalivingapartments.com\/wp-content\/gallery\/quarto-appartamento-studio\/thumbs\/thumbs_8.-IMG-4187.jpg\"\n               data-image-id=\"53\"\n               data-title=\"8.-IMG-4187\"\n               data-description=\"\"\n               data-image-slug=\"8-img-4187\"\n               class=\"ngg-simplelightbox\" rel=\"b6043a4cb2ceb3c4e199735e2fefd033\">\n                <img\n                    title=\"8.-IMG-4187\"\n                    alt=\"8.-IMG-4187\"\n                    src=\"https:\/\/www.dominalivingapartments.com\/wp-content\/gallery\/quarto-appartamento-studio\/thumbs\/thumbs_8.-IMG-4187.jpg\"\n                    width=\"240\"\n                    height=\"160\"\n                    style=\"max-width:100%;\"\n                \/>\n            <\/a>\n        <\/div>\n\t\t\t\t\t\t\t<\/div> \n\t\t\t\n        \n\t\t\t\t<div id=\"ngg-image-8\" class=\"ngg-gallery-thumbnail-box\" >\n\t\t\t\t        <div class=\"ngg-gallery-thumbnail\">\n            <a href=\"https:\/\/www.dominalivingapartments.com\/wp-content\/gallery\/quarto-appartamento-studio\/10.-bagno-1.jpg\"\n               title=\"\"\n               data-src=\"https:\/\/www.dominalivingapartments.com\/wp-content\/gallery\/quarto-appartamento-studio\/10.-bagno-1.jpg\"\n               data-thumbnail=\"https:\/\/www.dominalivingapartments.com\/wp-content\/gallery\/quarto-appartamento-studio\/thumbs\/thumbs_10.-bagno-1.jpg\"\n               data-image-id=\"54\"\n               data-title=\"10.-bagno-1\"\n               data-description=\"\"\n               data-image-slug=\"10-bagno-1\"\n               class=\"ngg-simplelightbox\" rel=\"b6043a4cb2ceb3c4e199735e2fefd033\">\n                <img\n                    title=\"10.-bagno-1\"\n                    alt=\"10.-bagno-1\"\n                    src=\"https:\/\/www.dominalivingapartments.com\/wp-content\/gallery\/quarto-appartamento-studio\/thumbs\/thumbs_10.-bagno-1.jpg\"\n                    width=\"240\"\n                    height=\"160\"\n                    style=\"max-width:100%;\"\n                \/>\n            <\/a>\n        <\/div>\n\t\t\t\t\t\t\t<\/div> \n\t\t\t\n        \n\t\t\t\t<div id=\"ngg-image-9\" class=\"ngg-gallery-thumbnail-box\" >\n\t\t\t\t        <div class=\"ngg-gallery-thumbnail\">\n            <a href=\"https:\/\/www.dominalivingapartments.com\/wp-content\/gallery\/quarto-appartamento-studio\/11.-IMG-4205.jpg\"\n               title=\"\"\n               data-src=\"https:\/\/www.dominalivingapartments.com\/wp-content\/gallery\/quarto-appartamento-studio\/11.-IMG-4205.jpg\"\n               data-thumbnail=\"https:\/\/www.dominalivingapartments.com\/wp-content\/gallery\/quarto-appartamento-studio\/thumbs\/thumbs_11.-IMG-4205.jpg\"\n               data-image-id=\"52\"\n               data-title=\"11.-IMG-4205\"\n               data-description=\"\"\n               data-image-slug=\"11-img-4205\"\n               class=\"ngg-simplelightbox\" rel=\"b6043a4cb2ceb3c4e199735e2fefd033\">\n                <img\n                    title=\"11.-IMG-4205\"\n                    alt=\"11.-IMG-4205\"\n                    src=\"https:\/\/www.dominalivingapartments.com\/wp-content\/gallery\/quarto-appartamento-studio\/thumbs\/thumbs_11.-IMG-4205.jpg\"\n                    width=\"240\"\n                    height=\"160\"\n                    style=\"max-width:100%;\"\n                \/>\n            <\/a>\n        <\/div>\n\t\t\t\t\t\t\t<\/div> \n\t\t\t\n        \n\t\t\n\t\t<!-- Pagination -->\n\t<div class='ngg-clear'><\/div>\t<\/div>\n\n","protected":false},"excerpt":{"rendered":"<p>Ecco il quarto appartamento della famiglia Domina. E&#8217; il pi\u00f9 piccolo della famiglia ed \u00e8 arredato con lo stesso gusto e la stessa passione. L&#8217;appartamento risulta accogliente, pulito e confortevole e pu\u00f2 ospitare fino a 3 persone. L\u2019appartamento \u00e8 sito nella nostra seconda sede di Vico III Presepe 14<\/p>\n","protected":false},"author":1,"featured_media":0,"parent":0,"menu_order":0,"comment_status":"closed","ping_status":"closed","template":"","meta":{"ngg_post_thumbnail":0},"_links":{"self":[{"href":"https:\/\/www.dominalivingapartments.com\/index.php\/wp-json\/wp\/v2\/pages\/296"}],"collection":[{"href":"https:\/\/www.dominalivingapartments.com\/index.php\/wp-json\/wp\/v2\/pages"}],"about":[{"href":"https:\/\/www.dominalivingapartments.com\/index.php\/wp-json\/wp\/v2\/types\/page"}],"author":[{"embeddable":true,"href":"https:\/\/www.dominalivingapartments.com\/index.php\/wp-json\/wp\/v2\/users\/1"}],"replies":[{"embeddable":true,"href":"https:\/\/www.dominalivingapartments.com\/index.php\/wp-json\/wp\/v2\/comments?post=296"}],"version-history":[{"count":4,"href":"https:\/\/www.dominalivingapartments.com\/index.php\/wp-json\/wp\/v2\/pages\/296\/revisions"}],"predecessor-version":[{"id":310,"href":"https:\/\/www.dominalivingapartments.com\/index.php\/wp-json\/wp\/v2\/pages\/296\/revisions\/310"}],"wp:attachment":[{"href":"https:\/\/www.dominalivingapartments.com\/index.php\/wp-json\/wp\/v2\/media?parent=296"}],"curies":[{"name":"wp","href":"https:\/\/api.w.org\/{rel}","templated":true}]}}