{"id":71,"date":"2020-11-20T23:51:44","date_gmt":"2020-11-20T22:51:44","guid":{"rendered":"http:\/\/www.dominalivingapartments.com\/index.php\/primo-appartamento-deluxe\/primo-appartamento-deluxe\/"},"modified":"2025-06-20T11:05:47","modified_gmt":"2025-06-20T09:05:47","slug":"dove-siamo","status":"publish","type":"page","link":"https:\/\/www.dominalivingapartments.com\/index.php\/dove-siamo\/","title":{"rendered":"Dove siamo"},"content":{"rendered":"<p>Domina Living Apartments si trova in Via Monte Cucco 15 e Vico III Presepe 14 a Bisceglie.<br \/>\nSiamo in una posizione assolutamente agevole e centrale ed \u00e8 possibile raggiungerci dalla stazione centrale in pochissimi minuti attraversando la zona pedonale adiacente.<br \/>\nNei dintorni sono presenti numerosi <strong>negozi, ristoranti e bar<\/strong> proprio in virt\u00f9 della posizione privilegiata e centrale.<\/p>\n<p>Il <strong>mare<\/strong> \u00e8 distante all&#8217;incirca 2 km e pu\u00f2 essere raggiunto sia a piedi o in bicicletta attraversando l&#8217;area portuale o in macchina.<\/p>\n<p>Per <strong>parcheggiare<\/strong>, la zona offre parcheggi a pagamento nella fascia oraria 9-13\/17-21(strisce blu)&nbsp; e parcheggi gratuiti (striscia bianca). E&#8217; possibile prenotare anche un parcheggio privato a pagamento, al costo di 15\u20ac al giorno.<\/p>\n<div id=\"wpgmza_map\" class=\"wpgmza_map\" data-settings='{\"id\":\"1\",\"map_title\":\"Dove siamo\",\"map_width\":\"100\",\"map_height\":\"400\",\"map_start_lat\":\"41.239172\",\"map_start_lng\":\"16.502423\",\"map_start_location\":\"41.239172,16.502423\",\"map_start_zoom\":\"17\",\"default_marker\":\"0\",\"type\":\"1\",\"alignment\":\"2\",\"directions_enabled\":\"1\",\"styling_enabled\":\"0\",\"styling_json\":\"\",\"active\":\"0\",\"kml\":\"\",\"bicycle\":\"0\",\"traffic\":\"0\",\"dbox\":\"1\",\"dbox_width\":\"100\",\"listmarkers\":\"0\",\"listmarkers_advanced\":\"0\",\"filterbycat\":\"0\",\"ugm_enabled\":\"0\",\"ugm_category_enabled\":\"0\",\"fusion\":\"\",\"map_width_type\":\"\\\\%\",\"map_height_type\":\"px\",\"mass_marker_support\":\"1\",\"ugm_access\":\"0\",\"order_markers_by\":\"1\",\"order_markers_choice\":\"2\",\"show_user_location\":\"0\",\"default_to\":\"\",\"other_settings\":{\"store_locator_enabled\":2,\"store_locator_distance\":2,\"store_locator_default_radius\":10,\"store_locator_not_found_message\":\"No results found in this location. Please try again.\",\"store_locator_bounce\":1,\"store_locator_query_string\":\"CAP \\\/ Indirizzo:\",\"store_locator_default_address\":\"\",\"wpgmza_store_locator_restrict\":\"\",\"wpgmza_store_locator_radius_style\":\"modern\",\"map_max_zoom\":\"1\",\"transport_layer\":0,\"wpgmza_theme_data\":\"\",\"wpgmza_show_points_of_interest\":1,\"wpgmza_auto_night\":0}}' data-map-id='1' Data-maps-engine='google-maps' data-shortcode-attributes='{\"id\":\"1\"}' style=\"display:block; overflow:auto; width:100%; height:400px; float:left;\"><\/div>\n","protected":false},"excerpt":{"rendered":"<p>Domina Living Apartments si trova in Via Monte Cucco 15 e Vico III Presepe 14 a Bisceglie. Siamo in una posizione assolutamente agevole e centrale ed \u00e8 possibile raggiungerci dalla stazione centrale in pochissimi minuti attraversando la zona pedonale adiacente. Nei dintorni sono presenti numerosi negozi, ristoranti e bar proprio in virt\u00f9 della posizione privilegiata e centrale. Il mare \u00e8 distante all&#8217;incirca 2 km e pu\u00f2 essere raggiunto sia a piedi o in bicicletta attraversando l&#8217;area portuale o in macchina. Per parcheggiare, la zona offre parcheggi a pagamento nella fascia oraria 9-13\/17-21(strisce blu)&nbsp; e parcheggi gratuiti (striscia bianca). E&#8217; possibile prenotare anche un parcheggio privato a pagamento, al costo di 15\u20ac al giorno.<\/p>\n","protected":false},"author":1,"featured_media":0,"parent":0,"menu_order":0,"comment_status":"closed","ping_status":"closed","template":"","meta":{"ngg_post_thumbnail":0},"_links":{"self":[{"href":"https:\/\/www.dominalivingapartments.com\/index.php\/wp-json\/wp\/v2\/pages\/71"}],"collection":[{"href":"https:\/\/www.dominalivingapartments.com\/index.php\/wp-json\/wp\/v2\/pages"}],"about":[{"href":"https:\/\/www.dominalivingapartments.com\/index.php\/wp-json\/wp\/v2\/types\/page"}],"author":[{"embeddable":true,"href":"https:\/\/www.dominalivingapartments.com\/index.php\/wp-json\/wp\/v2\/users\/1"}],"replies":[{"embeddable":true,"href":"https:\/\/www.dominalivingapartments.com\/index.php\/wp-json\/wp\/v2\/comments?post=71"}],"version-history":[{"count":15,"href":"https:\/\/www.dominalivingapartments.com\/index.php\/wp-json\/wp\/v2\/pages\/71\/revisions"}],"predecessor-version":[{"id":381,"href":"https:\/\/www.dominalivingapartments.com\/index.php\/wp-json\/wp\/v2\/pages\/71\/revisions\/381"}],"wp:attachment":[{"href":"https:\/\/www.dominalivingapartments.com\/index.php\/wp-json\/wp\/v2\/media?parent=71"}],"curies":[{"name":"wp","href":"https:\/\/api.w.org\/{rel}","templated":true}]}}